{"id":129,"date":"2026-04-01T11:44:47","date_gmt":"2026-04-01T11:44:47","guid":{"rendered":"https:\/\/alexiatirel.ovh\/?page_id=129"},"modified":"2026-04-16T12:55:00","modified_gmt":"2026-04-16T12:55:00","slug":"mon-experience","status":"publish","type":"page","link":"https:\/\/alexiatirel.ovh\/index.php\/mon-experience\/","title":{"rendered":"MON EXPERIENCE"},"content":{"rendered":"\t\t<div data-elementor-type=\"wp-post\" data-elementor-id=\"129\" class=\"elementor elementor-129\">\n\t\t\t\t<div class=\"elementor-element elementor-element-bfa96cf e-grid e-con-full e-con e-parent\" data-id=\"bfa96cf\" data-element_type=\"container\" data-e-type=\"container\">\n\t\t<div class=\"elementor-element elementor-element-63fbd26 e-con-full e-flex e-con e-child\" data-id=\"63fbd26\" data-element_type=\"container\" data-e-type=\"container\">\n\t\t\t\t<div class=\"elementor-element elementor-element-baf617c elementor-widget__width-inherit elementor-view-default elementor-widget elementor-widget-icon\" data-id=\"baf617c\" data-element_type=\"widget\" data-e-type=\"widget\" data-widget_type=\"icon.default\">\n\t\t\t\t\t\t\t<div class=\"elementor-icon-wrapper\">\n\t\t\t<a class=\"elementor-icon\" href=\"https:\/\/alexiatirel.ovh\/\">\n\t\t\t<svg aria-hidden=\"true\" class=\"e-font-icon-svg e-fas-arrow-alt-circle-left\" viewBox=\"0 0 512 512\" xmlns=\"http:\/\/www.w3.org\/2000\/svg\"><path d=\"M256 504C119 504 8 393 8 256S119 8 256 8s248 111 248 248-111 248-248 248zm116-292H256v-70.9c0-10.7-13-16.1-20.5-8.5L121.2 247.5c-4.7 4.7-4.7 12.2 0 16.9l114.3 114.9c7.6 7.6 20.5 2.2 20.5-8.5V300h116c6.6 0 12-5.4 12-12v-64c0-6.6-5.4-12-12-12z\"><\/path><\/svg>\t\t\t<\/a>\n\t\t<\/div>\n\t\t\t\t\t\t<\/div>\n\t\t\t\t<\/div>\n\t\t\t\t<div class=\"elementor-element elementor-element-e38a0de elementor-widget__width-inherit elementor-widget elementor-widget-heading\" data-id=\"e38a0de\" data-element_type=\"widget\" data-e-type=\"widget\" data-widget_type=\"heading.default\">\n\t\t\t\t\t<h2 class=\"elementor-heading-title elementor-size-default\">MON EXPERIENCE<\/h2>\t\t\t\t<\/div>\n\t\t\t\t<\/div>\n\t\t<div class=\"elementor-element elementor-element-87849fc e-con-full e-flex e-con e-parent\" data-id=\"87849fc\" data-element_type=\"container\" data-e-type=\"container\">\n\t\t<div class=\"elementor-element elementor-element-47e869a e-con-full e-flex e-con e-child\" data-id=\"47e869a\" data-element_type=\"container\" data-e-type=\"container\">\n\t\t\t\t<div class=\"elementor-element elementor-element-86dd2a4 elementor-widget__width-initial elementor-widget elementor-widget-text-editor\" data-id=\"86dd2a4\" data-element_type=\"widget\" data-e-type=\"widget\" data-widget_type=\"text-editor.default\">\n\t\t\t\t\t\t\t\t\t<p class=\"cvGsUA direction-ltr align-center para-style-body\"><span class=\"a_GcMg font-feature-liga-off font-feature-clig-off font-feature-calt-off text-decoration-none text-strikethrough-none\" style=\"color: #993300;\">Forte de 6 ann\u00e9es d\u2019exp\u00e9rience dans l\u2019entretien et la remise en \u00e9tat de logements, j\u2019ai d\u00e9velopp\u00e9 une grande efficacit\u00e9 dans la pr\u00e9paration de locations, notamment pour les s\u00e9jours de courte dur\u00e9e de type Airbnb.<\/span><\/p><p class=\"cvGsUA direction-ltr align-center para-style-body\"><span class=\"a_GcMg font-feature-liga-off font-feature-clig-off font-feature-calt-off text-decoration-none text-strikethrough-none\" style=\"color: #993300;\">Au fil de mon activit\u00e9, j\u2019ai eu l\u2019occasion d\u2019intervenir dans diff\u00e9rents types de logements : studios, appartements, maisons et tiny houses etc&#8230;.<\/span><\/p><p class=\"cvGsUA direction-ltr align-center para-style-body\"><span class=\"a_GcMg font-feature-liga-off font-feature-clig-off font-feature-calt-off text-decoration-none text-strikethrough-none\" style=\"color: #993300;\">Cette diversit\u00e9 m\u2019a permis de d\u00e9velopper une grande capacit\u00e9 d\u2019adaptation ainsi qu\u2019un sens du d\u00e9tail essentiel pour garantir des logements propres, accueillants et pr\u00eats \u00e0 recevoir de nouveaux voyageurs.<\/span><\/p><p class=\"cvGsUA direction-ltr align-center para-style-body\"><span class=\"a_GcMg font-feature-liga-off font-feature-clig-off font-feature-calt-off text-decoration-none text-strikethrough-none\" style=\"color: #993300;\">S\u00e9rieuse, organis\u00e9e et ponctuelle, je veille \u00e0 fournir un service fiable et de qualit\u00e9 afin de r\u00e9pondre aux attentes des propri\u00e9taires comme des voyageurs.<\/span><\/p>\t\t\t\t\t\t\t\t<\/div>\n\t\t\t\t<\/div>\n\t\t\t\t<\/div>\n\t\t\t\t<\/div>\n\t\t","protected":false},"excerpt":{"rendered":"<p>MON EXPERIENCE Forte de 6 ann\u00e9es d\u2019exp\u00e9rience dans l\u2019entretien et la remise en \u00e9tat de logements, j\u2019ai d\u00e9velopp\u00e9 une grande efficacit\u00e9 dans la pr\u00e9paration de locations, notamment pour les s\u00e9jours de courte dur\u00e9e de type Airbnb. Au fil de mon activit\u00e9, j\u2019ai eu l\u2019occasion d\u2019intervenir dans diff\u00e9rents types de logements : studios, appartements, maisons et [&hellip;]<\/p>\n","protected":false},"author":1,"featured_media":539,"parent":0,"menu_order":2,"comment_status":"closed","ping_status":"closed","template":"elementor_canvas","meta":{"footnotes":""},"class_list":["post-129","page","type-page","status-publish","has-post-thumbnail","hentry"],"_links":{"self":[{"href":"https:\/\/alexiatirel.ovh\/index.php\/wp-json\/wp\/v2\/pages\/129","targetHints":{"allow":["GET"]}}],"collection":[{"href":"https:\/\/alexiatirel.ovh\/index.php\/wp-json\/wp\/v2\/pages"}],"about":[{"href":"https:\/\/alexiatirel.ovh\/index.php\/wp-json\/wp\/v2\/types\/page"}],"author":[{"embeddable":true,"href":"https:\/\/alexiatirel.ovh\/index.php\/wp-json\/wp\/v2\/users\/1"}],"replies":[{"embeddable":true,"href":"https:\/\/alexiatirel.ovh\/index.php\/wp-json\/wp\/v2\/comments?post=129"}],"version-history":[{"count":287,"href":"https:\/\/alexiatirel.ovh\/index.php\/wp-json\/wp\/v2\/pages\/129\/revisions"}],"predecessor-version":[{"id":1460,"href":"https:\/\/alexiatirel.ovh\/index.php\/wp-json\/wp\/v2\/pages\/129\/revisions\/1460"}],"wp:featuredmedia":[{"embeddable":true,"href":"https:\/\/alexiatirel.ovh\/index.php\/wp-json\/wp\/v2\/media\/539"}],"wp:attachment":[{"href":"https:\/\/alexiatirel.ovh\/index.php\/wp-json\/wp\/v2\/media?parent=129"}],"curies":[{"name":"wp","href":"https:\/\/api.w.org\/{rel}","templated":true}]}}