{"id":502,"date":"2026-04-08T14:55:23","date_gmt":"2026-04-08T14:55:23","guid":{"rendered":"https:\/\/alexiatirel.ovh\/?page_id=502"},"modified":"2026-04-11T12:08:26","modified_gmt":"2026-04-11T12:08:26","slug":"qui-suis-je","status":"publish","type":"page","link":"https:\/\/alexiatirel.ovh\/index.php\/qui-suis-je\/","title":{"rendered":"Qui suis-je ?"},"content":{"rendered":"\t\t<div data-elementor-type=\"wp-post\" data-elementor-id=\"502\" class=\"elementor elementor-502\">\n\t\t\t\t<div class=\"elementor-element elementor-element-bfa96cf e-grid e-con-full e-con e-parent\" data-id=\"bfa96cf\" data-element_type=\"container\" data-e-type=\"container\">\n\t\t<div class=\"elementor-element elementor-element-63fbd26 e-con-full e-flex e-con e-child\" data-id=\"63fbd26\" data-element_type=\"container\" data-e-type=\"container\">\n\t\t\t\t<div class=\"elementor-element elementor-element-baf617c elementor-view-default elementor-widget elementor-widget-icon\" data-id=\"baf617c\" data-element_type=\"widget\" data-e-type=\"widget\" data-widget_type=\"icon.default\">\n\t\t\t\t\t\t\t<div class=\"elementor-icon-wrapper\">\n\t\t\t<a class=\"elementor-icon\" href=\"https:\/\/alexiatirel.ovh\/\">\n\t\t\t<svg aria-hidden=\"true\" class=\"e-font-icon-svg e-fas-arrow-alt-circle-left\" viewBox=\"0 0 512 512\" xmlns=\"http:\/\/www.w3.org\/2000\/svg\"><path d=\"M256 504C119 504 8 393 8 256S119 8 256 8s248 111 248 248-111 248-248 248zm116-292H256v-70.9c0-10.7-13-16.1-20.5-8.5L121.2 247.5c-4.7 4.7-4.7 12.2 0 16.9l114.3 114.9c7.6 7.6 20.5 2.2 20.5-8.5V300h116c6.6 0 12-5.4 12-12v-64c0-6.6-5.4-12-12-12z\"><\/path><\/svg>\t\t\t<\/a>\n\t\t<\/div>\n\t\t\t\t\t\t<\/div>\n\t\t\t\t<\/div>\n\t\t\t\t<div class=\"elementor-element elementor-element-e38a0de elementor-widget__width-inherit elementor-widget elementor-widget-heading\" data-id=\"e38a0de\" data-element_type=\"widget\" data-e-type=\"widget\" data-widget_type=\"heading.default\">\n\t\t\t\t\t<h2 class=\"elementor-heading-title elementor-size-default\">QUI SUIS-JE ? <\/h2>\t\t\t\t<\/div>\n\t\t\t\t<\/div>\n\t\t<div class=\"elementor-element elementor-element-87849fc e-flex e-con-boxed e-con e-parent\" data-id=\"87849fc\" data-element_type=\"container\" data-e-type=\"container\">\n\t\t\t\t\t<div class=\"e-con-inner\">\n\t\t<div class=\"elementor-element elementor-element-47e869a e-con-full e-flex e-con e-child\" data-id=\"47e869a\" data-element_type=\"container\" data-e-type=\"container\">\n\t\t\t\t<div class=\"elementor-element elementor-element-86dd2a4 elementor-widget elementor-widget-text-editor\" data-id=\"86dd2a4\" data-element_type=\"widget\" data-e-type=\"widget\" data-widget_type=\"text-editor.default\">\n\t\t\t\t\t\t\t\t\t<p><span class=\"a_GcMg font-feature-liga-off font-feature-clig-off font-feature-calt-off text-decoration-none text-strikethrough-none\" style=\"color: #9a5a3e; --ys-xuq: none; font-kerning: normal;\">\u00c2g\u00e9e de 26 ans et originaire de Pontorson, je travaille depuis 6 ans dans le m\u00e9nage et l\u2019entretien de g\u00eetes touristiques, un m\u00e9tier qui me passionne. Dynamique, rigoureuse et perfectionniste, je veille \u00e0 offrir des logements impeccables pour chaque arriv\u00e9e de voyageurs.<\/span><\/p><p style=\"text-align: center;\"><span class=\"a_GcMg font-feature-liga-off font-feature-clig-off font-feature-calt-off text-decoration-none text-strikethrough-none\" style=\"color: #9a5a3e; --ys-xuq: none; font-kerning: normal;\">Gr\u00e2ce \u00e0 mon exp\u00e9rience et \u00e0 mon sens du d\u00e9tail, les g\u00eetes que j\u2019entretiens obtiennent d\u2019excellentes notes pour la propret\u00e9. Mes clients h\u00f4tes sont satisfaits de mon travail et me font confiance pour garantir un service fiable et soign\u00e9.<\/span><\/p>\t\t\t\t\t\t\t\t<\/div>\n\t\t\t\t<\/div>\n\t\t\t\t<div class=\"elementor-element elementor-element-cfa7915 elementor-widget__width-auto elementor-widget elementor-widget-image\" data-id=\"cfa7915\" data-element_type=\"widget\" data-e-type=\"widget\" data-widget_type=\"image.default\">\n\t\t\t\t\t\t\t\t\t\t\t\t\t\t\t<img fetchpriority=\"high\" decoding=\"async\" width=\"1024\" height=\"1536\" src=\"https:\/\/alexiatirel.ovh\/wp-content\/uploads\/2026\/04\/image.png\" class=\"attachment-full size-full wp-image-201\" alt=\"\" srcset=\"https:\/\/alexiatirel.ovh\/wp-content\/uploads\/2026\/04\/image.png 1024w, https:\/\/alexiatirel.ovh\/wp-content\/uploads\/2026\/04\/image-200x300.png 200w, https:\/\/alexiatirel.ovh\/wp-content\/uploads\/2026\/04\/image-683x1024.png 683w, https:\/\/alexiatirel.ovh\/wp-content\/uploads\/2026\/04\/image-768x1152.png 768w\" sizes=\"(max-width: 1024px) 100vw, 1024px\" \/>\t\t\t\t\t\t\t\t\t\t\t\t\t\t\t<\/div>\n\t\t\t\t\t<\/div>\n\t\t\t\t<\/div>\n\t\t\t\t<\/div>\n\t\t","protected":false},"excerpt":{"rendered":"<p>QUI SUIS-JE ? \u00c2g\u00e9e de 26 ans et originaire de Pontorson, je travaille depuis 6 ans dans le m\u00e9nage et l\u2019entretien de g\u00eetes touristiques, un m\u00e9tier qui me passionne. Dynamique, rigoureuse et perfectionniste, je veille \u00e0 offrir des logements impeccables pour chaque arriv\u00e9e de voyageurs. Gr\u00e2ce \u00e0 mon exp\u00e9rience et \u00e0 mon sens du d\u00e9tail, [&hellip;]<\/p>\n","protected":false},"author":1,"featured_media":0,"parent":0,"menu_order":0,"comment_status":"closed","ping_status":"closed","template":"elementor_canvas","meta":{"footnotes":""},"class_list":["post-502","page","type-page","status-publish","hentry"],"_links":{"self":[{"href":"https:\/\/alexiatirel.ovh\/index.php\/wp-json\/wp\/v2\/pages\/502","targetHints":{"allow":["GET"]}}],"collection":[{"href":"https:\/\/alexiatirel.ovh\/index.php\/wp-json\/wp\/v2\/pages"}],"about":[{"href":"https:\/\/alexiatirel.ovh\/index.php\/wp-json\/wp\/v2\/types\/page"}],"author":[{"embeddable":true,"href":"https:\/\/alexiatirel.ovh\/index.php\/wp-json\/wp\/v2\/users\/1"}],"replies":[{"embeddable":true,"href":"https:\/\/alexiatirel.ovh\/index.php\/wp-json\/wp\/v2\/comments?post=502"}],"version-history":[{"count":60,"href":"https:\/\/alexiatirel.ovh\/index.php\/wp-json\/wp\/v2\/pages\/502\/revisions"}],"predecessor-version":[{"id":705,"href":"https:\/\/alexiatirel.ovh\/index.php\/wp-json\/wp\/v2\/pages\/502\/revisions\/705"}],"wp:attachment":[{"href":"https:\/\/alexiatirel.ovh\/index.php\/wp-json\/wp\/v2\/media?parent=502"}],"curies":[{"name":"wp","href":"https:\/\/api.w.org\/{rel}","templated":true}]}}