{"id":614,"date":"2026-04-08T17:49:37","date_gmt":"2026-04-08T17:49:37","guid":{"rendered":"https:\/\/alexiatirel.ovh\/?page_id=614"},"modified":"2026-04-15T11:29:17","modified_gmt":"2026-04-15T11:29:17","slug":"mes-services","status":"publish","type":"page","link":"https:\/\/alexiatirel.ovh\/index.php\/mes-services\/","title":{"rendered":"MES SERVICES"},"content":{"rendered":"\t\t<div data-elementor-type=\"wp-post\" data-elementor-id=\"614\" class=\"elementor elementor-614\">\n\t\t\t\t<div class=\"elementor-element elementor-element-54d8e1c e-con-full elementor-hidden-tablet elementor-hidden-mobile e-flex e-con e-parent\" data-id=\"54d8e1c\" data-element_type=\"container\" data-e-type=\"container\">\n\t\t<div class=\"elementor-element elementor-element-26c147a e-grid e-con-full e-con e-child\" data-id=\"26c147a\" data-element_type=\"container\" data-e-type=\"container\">\n\t\t<div class=\"elementor-element elementor-element-124d95a e-con-full e-flex e-con e-child\" data-id=\"124d95a\" data-element_type=\"container\" data-e-type=\"container\">\n\t\t\t\t<div class=\"elementor-element elementor-element-c7e849b elementor-view-default elementor-widget elementor-widget-icon\" data-id=\"c7e849b\" data-element_type=\"widget\" data-e-type=\"widget\" data-widget_type=\"icon.default\">\n\t\t\t\t\t\t\t<div class=\"elementor-icon-wrapper\">\n\t\t\t<a class=\"elementor-icon\" href=\"https:\/\/alexiatirel.ovh\/\">\n\t\t\t<svg aria-hidden=\"true\" class=\"e-font-icon-svg e-fas-arrow-alt-circle-left\" viewBox=\"0 0 512 512\" xmlns=\"http:\/\/www.w3.org\/2000\/svg\"><path d=\"M256 504C119 504 8 393 8 256S119 8 256 8s248 111 248 248-111 248-248 248zm116-292H256v-70.9c0-10.7-13-16.1-20.5-8.5L121.2 247.5c-4.7 4.7-4.7 12.2 0 16.9l114.3 114.9c7.6 7.6 20.5 2.2 20.5-8.5V300h116c6.6 0 12-5.4 12-12v-64c0-6.6-5.4-12-12-12z\"><\/path><\/svg>\t\t\t<\/a>\n\t\t<\/div>\n\t\t\t\t\t\t<\/div>\n\t\t\t\t<\/div>\n\t\t\t\t<div class=\"elementor-element elementor-element-8d04659 elementor-widget__width-inherit elementor-widget elementor-widget-heading\" data-id=\"8d04659\" data-element_type=\"widget\" data-e-type=\"widget\" data-widget_type=\"heading.default\">\n\t\t\t\t\t<h2 class=\"elementor-heading-title elementor-size-default\">Mes Services<\/h2>\t\t\t\t<\/div>\n\t\t\t\t<\/div>\n\t\t\t\t<\/div>\n\t\t<div class=\"elementor-element elementor-element-0f06b9a e-con-full elementor-hidden-tablet elementor-hidden-mobile e-flex e-con e-parent\" data-id=\"0f06b9a\" data-element_type=\"container\" data-e-type=\"container\">\n\t\t\t\t<div class=\"elementor-element elementor-element-2e09152 elementor-widget elementor-widget-text-editor\" data-id=\"2e09152\" data-element_type=\"widget\" data-e-type=\"widget\" data-widget_type=\"text-editor.default\">\n\t\t\t\t\t\t\t\t\t<p class=\"cvGsUA direction-ltr align-center para-style-body\"><span class=\"a_GcMg font-feature-liga-off font-feature-clig-off font-feature-calt-off text-decoration-none text-strikethrough-none\" style=\"color: rgba(143,93,60,var(--o42jjq,1)); caret-color: #8f5d3c; --ys-xuq: none; font-kerning: none;\">Je propose des prestations compl\u00e8tes pour assurer la pr\u00e9paration et l\u2019entretien de votre logement entre chaque s\u00e9jour :<\/span><\/p>\t\t\t\t\t\t\t\t<\/div>\n\t\t\t\t<\/div>\n\t\t<div class=\"elementor-element elementor-element-646e687 e-grid e-con-full elementor-hidden-tablet elementor-hidden-mobile e-con e-parent\" data-id=\"646e687\" data-element_type=\"container\" data-e-type=\"container\">\n\t\t\t\t<div class=\"elementor-element elementor-element-7687b1a elementor-widget elementor-widget-text-editor\" data-id=\"7687b1a\" data-element_type=\"widget\" data-e-type=\"widget\" data-widget_type=\"text-editor.default\">\n\t\t\t\t\t\t\t\t\t<p><span style=\"color: #9a5a3e;\"><span class=\"a_GcMg font-feature-liga-off font-feature-clig-off font-feature-calt-off text-decoration-none text-strikethrough-none\" style=\"caret-color: #8f5d3c; --ys-xuq: none; font-kerning: none;\">\u00a0* Nettoyage complet du logement<\/span><\/span><\/p>\t\t\t\t\t\t\t\t<\/div>\n\t\t\t\t<div class=\"elementor-element elementor-element-5e12cad elementor-widget elementor-widget-text-editor\" data-id=\"5e12cad\" data-element_type=\"widget\" data-e-type=\"widget\" data-widget_type=\"text-editor.default\">\n\t\t\t\t\t\t\t\t\t<p><span style=\"color: #9a5a3e;\"><span class=\"a_GcMg font-feature-liga-off font-feature-clig-off font-feature-calt-off text-decoration-none text-strikethrough-none\">* Changement et gestion du linge de maison<\/span><\/span><\/p>\t\t\t\t\t\t\t\t<\/div>\n\t\t\t\t<div class=\"elementor-element elementor-element-41ad8f3 elementor-widget elementor-widget-text-editor\" data-id=\"41ad8f3\" data-element_type=\"widget\" data-e-type=\"widget\" data-widget_type=\"text-editor.default\">\n\t\t\t\t\t\t\t\t\t<p><span style=\"color: #9a5a3e;\"><span class=\"a_GcMg font-feature-liga-off font-feature-clig-off font-feature-calt-off text-decoration-none text-strikethrough-none\">* V\u00e9rification g\u00e9n\u00e9rale du logement apr\u00e8s le d\u00e9part des voyageurs<\/span><\/span><\/p>\t\t\t\t\t\t\t\t<\/div>\n\t\t\t\t<div class=\"elementor-element elementor-element-ebad368 elementor-widget elementor-widget-text-editor\" data-id=\"ebad368\" data-element_type=\"widget\" data-e-type=\"widget\" data-widget_type=\"text-editor.default\">\n\t\t\t\t\t\t\t\t\t<p><span style=\"color: #9a5a3e;\"><span class=\"a_GcMg font-feature-liga-off font-feature-clig-off font-feature-calt-off text-decoration-none text-strikethrough-none\">* R\u00e9approvisionnement des consommables (papier toilette, produits, caf\u00e9, etc.)<\/span><\/span><\/p>\t\t\t\t\t\t\t\t<\/div>\n\t\t\t\t<div class=\"elementor-element elementor-element-c3f9ef2 elementor-widget elementor-widget-text-editor\" data-id=\"c3f9ef2\" data-element_type=\"widget\" data-e-type=\"widget\" data-widget_type=\"text-editor.default\">\n\t\t\t\t\t\t\t\t\t<p><span style=\"color: #9a5a3e;\"><span class=\"a_GcMg font-feature-liga-off font-feature-clig-off font-feature-calt-off text-decoration-none text-strikethrough-none\" style=\"caret-color: #8f5d3c; --ys-xuq: none; font-kerning: none;\">* Mise en place et pr\u00e9paration du logement pour l\u2019arriv\u00e9e des nouveaux voyageurs<\/span><\/span><\/p>\t\t\t\t\t\t\t\t<\/div>\n\t\t\t\t<div class=\"elementor-element elementor-element-e0bca36 elementor-widget elementor-widget-text-editor\" data-id=\"e0bca36\" data-element_type=\"widget\" data-e-type=\"widget\" data-widget_type=\"text-editor.default\">\n\t\t\t\t\t\t\t\t\t<p><span style=\"color: #9a5a3e;\"><span class=\"a_GcMg font-feature-liga-off font-feature-clig-off font-feature-calt-off text-decoration-none text-strikethrough-none\" style=\"caret-color: #8f5d3c; --ys-xuq: none; font-kerning: none;\">* Communication avec les propri\u00e9taires si n\u00e9cessaire<\/span><\/span><\/p>\t\t\t\t\t\t\t\t<\/div>\n\t\t\t\t<div class=\"elementor-element elementor-element-e11986b elementor-widget elementor-widget-text-editor\" data-id=\"e11986b\" data-element_type=\"widget\" data-e-type=\"widget\" data-widget_type=\"text-editor.default\">\n\t\t\t\t\t\t\t\t\t<p><span class=\"a_GcMg font-feature-liga-off font-feature-clig-off font-feature-calt-off text-decoration-none text-strikethrough-none\" style=\"color: rgba(143,93,60,var(--o42jjq,1)); caret-color: #8f5d3c; --ys-xuq: none; font-kerning: none;\">* Signalement des \u00e9ventuels probl\u00e8mes ou d\u00e9gradations constat\u00e9s<\/span><\/p>\t\t\t\t\t\t\t\t<\/div>\n\t\t\t\t<\/div>\n\t\t<div class=\"elementor-element elementor-element-ca255f2 e-con-full elementor-hidden-tablet elementor-hidden-mobile e-flex e-con e-parent\" data-id=\"ca255f2\" data-element_type=\"container\" data-e-type=\"container\">\n\t\t\t\t<div class=\"elementor-element elementor-element-0e3a1c4 elementor-widget elementor-widget-text-editor\" data-id=\"0e3a1c4\" data-element_type=\"widget\" data-e-type=\"widget\" data-widget_type=\"text-editor.default\">\n\t\t\t\t\t\t\t\t\t<p class=\"cvGsUA direction-ltr align-center para-style-body\"><span class=\"a_GcMg font-feature-liga-off font-feature-clig-off font-feature-calt-off text-decoration-none text-strikethrough-none\" style=\"color: #9a5a3e;\">Aide et collaboration avec des services de conciergerie pour la gestion de logements<\/span><\/p><p class=\"cvGsUA direction-ltr align-center para-style-body\"><span class=\"a_GcMg font-feature-liga-off font-feature-clig-off font-feature-calt-off text-decoration-none text-strikethrough-none\" style=\"color: #9a5a3e;\">Mon objectif est de garantir un logement propre, accueillant et pr\u00eat \u00e0 recevoir les prochains voyageurs dans les meilleures conditions.<\/span><\/p>\t\t\t\t\t\t\t\t<\/div>\n\t\t\t\t<\/div>\n\t\t<div class=\"elementor-element elementor-element-9a0a394 elementor-hidden-widescreen elementor-hidden-desktop e-flex e-con-boxed e-con e-parent\" data-id=\"9a0a394\" data-element_type=\"container\" data-e-type=\"container\">\n\t\t\t\t\t<div class=\"e-con-inner\">\n\t\t<div class=\"elementor-element elementor-element-4bd7bfa e-grid e-con-full e-con e-child\" data-id=\"4bd7bfa\" data-element_type=\"container\" data-e-type=\"container\">\n\t\t\t\t<div class=\"elementor-element elementor-element-06f9c89 elementor-widget__width-inherit elementor-hidden-desktop elementor-view-default elementor-widget elementor-widget-icon\" data-id=\"06f9c89\" data-element_type=\"widget\" data-e-type=\"widget\" data-widget_type=\"icon.default\">\n\t\t\t\t\t\t\t<div class=\"elementor-icon-wrapper\">\n\t\t\t<a class=\"elementor-icon\" href=\"https:\/\/alexiatirel.ovh\/\">\n\t\t\t<svg aria-hidden=\"true\" class=\"e-font-icon-svg e-fas-arrow-alt-circle-left\" viewBox=\"0 0 512 512\" xmlns=\"http:\/\/www.w3.org\/2000\/svg\"><path d=\"M256 504C119 504 8 393 8 256S119 8 256 8s248 111 248 248-111 248-248 248zm116-292H256v-70.9c0-10.7-13-16.1-20.5-8.5L121.2 247.5c-4.7 4.7-4.7 12.2 0 16.9l114.3 114.9c7.6 7.6 20.5 2.2 20.5-8.5V300h116c6.6 0 12-5.4 12-12v-64c0-6.6-5.4-12-12-12z\"><\/path><\/svg>\t\t\t<\/a>\n\t\t<\/div>\n\t\t\t\t\t\t<\/div>\n\t\t\t\t<div class=\"elementor-element elementor-element-532ef3d elementor-widget elementor-widget-heading\" data-id=\"532ef3d\" data-element_type=\"widget\" data-e-type=\"widget\" data-widget_type=\"heading.default\">\n\t\t\t\t\t<h2 class=\"elementor-heading-title elementor-size-default\">MES SERVICES<\/h2>\t\t\t\t<\/div>\n\t\t\t\t<\/div>\n\t\t\t\t\t<\/div>\n\t\t\t\t<\/div>\n\t\t<div class=\"elementor-element elementor-element-ddb4715 elementor-hidden-widescreen elementor-hidden-desktop e-flex e-con-boxed e-con e-parent\" data-id=\"ddb4715\" data-element_type=\"container\" data-e-type=\"container\">\n\t\t\t\t\t<div class=\"e-con-inner\">\n\t\t\t\t<div class=\"elementor-element elementor-element-f69f91a elementor-widget elementor-widget-text-editor\" data-id=\"f69f91a\" data-element_type=\"widget\" data-e-type=\"widget\" data-widget_type=\"text-editor.default\">\n\t\t\t\t\t\t\t\t\t<p style=\"text-align: center;\">Je propose des prestations compl\u00e8tes pour assurer la pr\u00e9paration et l\u2019entretien de votre logement entre chaque s\u00e9jour :<\/p>\t\t\t\t\t\t\t\t<\/div>\n\t\t<div class=\"elementor-element elementor-element-7d0ee4f e-grid e-con-full e-con e-child\" data-id=\"7d0ee4f\" data-element_type=\"container\" data-e-type=\"container\">\n\t\t\t\t<div class=\"elementor-element elementor-element-a480f44 elementor-widget elementor-widget-text-editor\" data-id=\"a480f44\" data-element_type=\"widget\" data-e-type=\"widget\" data-widget_type=\"text-editor.default\">\n\t\t\t\t\t\t\t\t\t<p style=\"text-align: center;\">* Nettoyage complet du logement<\/p>\t\t\t\t\t\t\t\t<\/div>\n\t\t\t\t<div class=\"elementor-element elementor-element-561bafe elementor-widget elementor-widget-text-editor\" data-id=\"561bafe\" data-element_type=\"widget\" data-e-type=\"widget\" data-widget_type=\"text-editor.default\">\n\t\t\t\t\t\t\t\t\t<p style=\"text-align: center;\">* Changement et gestion du linge de maison<\/p>\t\t\t\t\t\t\t\t<\/div>\n\t\t\t\t<div class=\"elementor-element elementor-element-002de50 elementor-widget elementor-widget-text-editor\" data-id=\"002de50\" data-element_type=\"widget\" data-e-type=\"widget\" data-widget_type=\"text-editor.default\">\n\t\t\t\t\t\t\t\t\t<p style=\"text-align: center;\">* V\u00e9rification g\u00e9n\u00e9rale du logement apr\u00e8s le d\u00e9part des voyageurs<\/p>\t\t\t\t\t\t\t\t<\/div>\n\t\t\t\t<div class=\"elementor-element elementor-element-0335a06 elementor-widget elementor-widget-text-editor\" data-id=\"0335a06\" data-element_type=\"widget\" data-e-type=\"widget\" data-widget_type=\"text-editor.default\">\n\t\t\t\t\t\t\t\t\t<p style=\"text-align: center;\">* R\u00e9approvisionnement des consommables (papier toilette, produits, caf\u00e9, etc.)<\/p>\t\t\t\t\t\t\t\t<\/div>\n\t\t\t\t<div class=\"elementor-element elementor-element-faa5349 elementor-widget elementor-widget-text-editor\" data-id=\"faa5349\" data-element_type=\"widget\" data-e-type=\"widget\" data-widget_type=\"text-editor.default\">\n\t\t\t\t\t\t\t\t\t<p style=\"text-align: center;\">* Mise en place et pr\u00e9paration du logement pour l\u2019arriv\u00e9e des nouveaux voyageurs<\/p>\t\t\t\t\t\t\t\t<\/div>\n\t\t\t\t<div class=\"elementor-element elementor-element-96fc567 elementor-widget elementor-widget-text-editor\" data-id=\"96fc567\" data-element_type=\"widget\" data-e-type=\"widget\" data-widget_type=\"text-editor.default\">\n\t\t\t\t\t\t\t\t\t<p style=\"text-align: center;\">* Communication avec les propri\u00e9taires si n\u00e9cessaire<\/p>\t\t\t\t\t\t\t\t<\/div>\n\t\t\t\t<div class=\"elementor-element elementor-element-d619beb elementor-widget elementor-widget-text-editor\" data-id=\"d619beb\" data-element_type=\"widget\" data-e-type=\"widget\" data-widget_type=\"text-editor.default\">\n\t\t\t\t\t\t\t\t\t<p style=\"text-align: center;\">* Signalement des \u00e9ventuels probl\u00e8mes ou d\u00e9gradations constat\u00e9s<\/p>\t\t\t\t\t\t\t\t<\/div>\n\t\t\t\t<\/div>\n\t\t\t\t\t<\/div>\n\t\t\t\t<\/div>\n\t\t<div class=\"elementor-element elementor-element-b4068cb elementor-hidden-widescreen elementor-hidden-desktop e-flex e-con-boxed e-con e-parent\" data-id=\"b4068cb\" data-element_type=\"container\" data-e-type=\"container\">\n\t\t\t\t\t<div class=\"e-con-inner\">\n\t\t\t\t<div class=\"elementor-element elementor-element-a47974a elementor-widget elementor-widget-text-editor\" data-id=\"a47974a\" data-element_type=\"widget\" data-e-type=\"widget\" data-widget_type=\"text-editor.default\">\n\t\t\t\t\t\t\t\t\t<p style=\"text-align: center;\">Aide et collaboration avec des services de conciergerie pour la gestion de logements<\/p>\t\t\t\t\t\t\t\t<\/div>\n\t\t\t\t<div class=\"elementor-element elementor-element-68021c5 elementor-widget elementor-widget-text-editor\" data-id=\"68021c5\" data-element_type=\"widget\" data-e-type=\"widget\" data-widget_type=\"text-editor.default\">\n\t\t\t\t\t\t\t\t\t<p style=\"text-align: center;\">Mon objectif est de garantir un logement propre, accueillant et pr\u00eat \u00e0 recevoir les prochains voyageurs dans les meilleures conditions.<\/p>\t\t\t\t\t\t\t\t<\/div>\n\t\t\t\t\t<\/div>\n\t\t\t\t<\/div>\n\t\t\t\t<\/div>\n\t\t","protected":false},"excerpt":{"rendered":"<p>Mes Services Je propose des prestations compl\u00e8tes pour assurer la pr\u00e9paration et l\u2019entretien de votre logement entre chaque s\u00e9jour : \u00a0* Nettoyage complet du logement * Changement et gestion du linge de maison * V\u00e9rification g\u00e9n\u00e9rale du logement apr\u00e8s le d\u00e9part des voyageurs * R\u00e9approvisionnement des consommables (papier toilette, produits, caf\u00e9, etc.) * Mise en [&hellip;]<\/p>\n","protected":false},"author":1,"featured_media":0,"parent":0,"menu_order":2,"comment_status":"closed","ping_status":"closed","template":"elementor_canvas","meta":{"footnotes":""},"class_list":["post-614","page","type-page","status-publish","hentry"],"_links":{"self":[{"href":"https:\/\/alexiatirel.ovh\/index.php\/wp-json\/wp\/v2\/pages\/614","targetHints":{"allow":["GET"]}}],"collection":[{"href":"https:\/\/alexiatirel.ovh\/index.php\/wp-json\/wp\/v2\/pages"}],"about":[{"href":"https:\/\/alexiatirel.ovh\/index.php\/wp-json\/wp\/v2\/types\/page"}],"author":[{"embeddable":true,"href":"https:\/\/alexiatirel.ovh\/index.php\/wp-json\/wp\/v2\/users\/1"}],"replies":[{"embeddable":true,"href":"https:\/\/alexiatirel.ovh\/index.php\/wp-json\/wp\/v2\/comments?post=614"}],"version-history":[{"count":321,"href":"https:\/\/alexiatirel.ovh\/index.php\/wp-json\/wp\/v2\/pages\/614\/revisions"}],"predecessor-version":[{"id":1330,"href":"https:\/\/alexiatirel.ovh\/index.php\/wp-json\/wp\/v2\/pages\/614\/revisions\/1330"}],"wp:attachment":[{"href":"https:\/\/alexiatirel.ovh\/index.php\/wp-json\/wp\/v2\/media?parent=614"}],"curies":[{"name":"wp","href":"https:\/\/api.w.org\/{rel}","templated":true}]}}