{"id":618,"date":"2026-04-16T12:35:42","date_gmt":"2026-04-16T12:35:42","guid":{"rendered":"https:\/\/alexiatirel.ovh\/?page_id=618"},"modified":"2026-04-16T13:02:40","modified_gmt":"2026-04-16T13:02:40","slug":"tarifs","status":"publish","type":"page","link":"https:\/\/alexiatirel.ovh\/index.php\/tarifs\/","title":{"rendered":"Tarifs"},"content":{"rendered":"\t\t<div data-elementor-type=\"wp-post\" data-elementor-id=\"618\" class=\"elementor elementor-618\">\n\t\t\t\t<div class=\"elementor-element elementor-element-bfa96cf e-grid e-con-full e-con e-parent\" data-id=\"bfa96cf\" data-element_type=\"container\" data-e-type=\"container\">\n\t\t<div class=\"elementor-element elementor-element-63fbd26 e-con-full e-flex e-con e-child\" data-id=\"63fbd26\" data-element_type=\"container\" data-e-type=\"container\">\n\t\t\t\t<div class=\"elementor-element elementor-element-baf617c elementor-widget__width-inherit elementor-view-default elementor-widget elementor-widget-icon\" data-id=\"baf617c\" data-element_type=\"widget\" data-e-type=\"widget\" data-widget_type=\"icon.default\">\n\t\t\t\t\t\t\t<div class=\"elementor-icon-wrapper\">\n\t\t\t<a class=\"elementor-icon\" href=\"https:\/\/alexiatirel.ovh\/\">\n\t\t\t<svg aria-hidden=\"true\" class=\"e-font-icon-svg e-fas-arrow-alt-circle-left\" viewBox=\"0 0 512 512\" xmlns=\"http:\/\/www.w3.org\/2000\/svg\"><path d=\"M256 504C119 504 8 393 8 256S119 8 256 8s248 111 248 248-111 248-248 248zm116-292H256v-70.9c0-10.7-13-16.1-20.5-8.5L121.2 247.5c-4.7 4.7-4.7 12.2 0 16.9l114.3 114.9c7.6 7.6 20.5 2.2 20.5-8.5V300h116c6.6 0 12-5.4 12-12v-64c0-6.6-5.4-12-12-12z\"><\/path><\/svg>\t\t\t<\/a>\n\t\t<\/div>\n\t\t\t\t\t\t<\/div>\n\t\t\t\t<\/div>\n\t\t\t\t<div class=\"elementor-element elementor-element-e38a0de elementor-widget__width-inherit elementor-widget elementor-widget-heading\" data-id=\"e38a0de\" data-element_type=\"widget\" data-e-type=\"widget\" data-widget_type=\"heading.default\">\n\t\t\t\t\t<h2 class=\"elementor-heading-title elementor-size-default\">TARIFS<\/h2>\t\t\t\t<\/div>\n\t\t\t\t<\/div>\n\t\t<div class=\"elementor-element elementor-element-87849fc e-con-full e-flex e-con e-parent\" data-id=\"87849fc\" data-element_type=\"container\" data-e-type=\"container\">\n\t\t<div class=\"elementor-element elementor-element-47e869a e-con-full e-flex e-con e-child\" data-id=\"47e869a\" data-element_type=\"container\" data-e-type=\"container\">\n\t\t\t\t<div class=\"elementor-element elementor-element-86dd2a4 elementor-widget__width-initial elementor-widget elementor-widget-text-editor\" data-id=\"86dd2a4\" data-element_type=\"widget\" data-e-type=\"widget\" data-widget_type=\"text-editor.default\">\n\t\t\t\t\t\t\t\t\t<p><span class=\"a_GcMg font-feature-liga-off font-feature-clig-off font-feature-calt-off text-decoration-none text-strikethrough-none\" style=\"color: rgba(143,93,60,var(--o42jjq,1)); --ys-xuq: none; font-kerning: none;\">Les tarifs sont calcul\u00e9s \u00e0 l\u2019heure et peuvent varier en fonction de la taille du logement ainsi que des prestations demand\u00e9es.<\/span><\/p><p><span class=\"a_GcMg font-feature-liga-off font-feature-clig-off font-feature-calt-off text-decoration-none text-strikethrough-none\" style=\"color: rgba(143,93,60,var(--o42jjq,1)); --ys-xuq: none; font-kerning: none;\">Afin d\u2019\u00e9tablir une estimation adapt\u00e9e, une visite du logement est n\u00e9cessaire. Cette visite permet d\u2019\u00e9valuer le travail \u00e0 r\u00e9aliser et de proposer un tarif correspondant aux besoins du logement.<\/span><\/p><p><span class=\"a_GcMg font-feature-liga-off font-feature-clig-off font-feature-calt-off text-decoration-none text-strikethrough-none\" style=\"color: rgba(143,93,60,var(--o42jjq,1)); --ys-xuq: none; font-kerning: none;\">Le temps estim\u00e9 lors de la visite peut \u00eatre soumis \u00e0 des modifications en fonction de l\u2019\u00e9tat du logement laiss\u00e9 par les clients.<\/span><\/p>\t\t\t\t\t\t\t\t<\/div>\n\t\t\t\t<\/div>\n\t\t\t\t<\/div>\n\t\t<div class=\"elementor-element elementor-element-cf5ad2f e-con-full e-flex e-con e-parent\" data-id=\"cf5ad2f\" data-element_type=\"container\" data-e-type=\"container\">\n\t\t\t\t<div class=\"elementor-element elementor-element-315398a elementor-widget elementor-widget-text-editor\" data-id=\"315398a\" data-element_type=\"widget\" data-e-type=\"widget\" data-widget_type=\"text-editor.default\">\n\t\t\t\t\t\t\t\t\t<p>\u00a0<span class=\"a_GcMg font-feature-liga-off font-feature-clig-off font-feature-calt-off text-decoration-none text-strikethrough-none\" style=\"color: rgba(143,93,60,var(--o42jjq,1)); --ys-xuq: none; font-kerning: none;\">Pour obtenir une estimation, vous pouvez \u00e9galement envoyer un email en indiquant les informations concernant votre logement (type de logement, superficie, services souhait\u00e9s).<\/span><\/p>\t\t\t\t\t\t\t\t<\/div>\n\t\t\t\t<\/div>\n\t\t\t\t<\/div>\n\t\t","protected":false},"excerpt":{"rendered":"<p>TARIFS Les tarifs sont calcul\u00e9s \u00e0 l\u2019heure et peuvent varier en fonction de la taille du logement ainsi que des prestations demand\u00e9es. Afin d\u2019\u00e9tablir une estimation adapt\u00e9e, une visite du logement est n\u00e9cessaire. Cette visite permet d\u2019\u00e9valuer le travail \u00e0 r\u00e9aliser et de proposer un tarif correspondant aux besoins du logement. Le temps estim\u00e9 lors [&hellip;]<\/p>\n","protected":false},"author":1,"featured_media":539,"parent":0,"menu_order":2,"comment_status":"closed","ping_status":"closed","template":"elementor_canvas","meta":{"footnotes":""},"class_list":["post-618","page","type-page","status-publish","has-post-thumbnail","hentry"],"_links":{"self":[{"href":"https:\/\/alexiatirel.ovh\/index.php\/wp-json\/wp\/v2\/pages\/618","targetHints":{"allow":["GET"]}}],"collection":[{"href":"https:\/\/alexiatirel.ovh\/index.php\/wp-json\/wp\/v2\/pages"}],"about":[{"href":"https:\/\/alexiatirel.ovh\/index.php\/wp-json\/wp\/v2\/types\/page"}],"author":[{"embeddable":true,"href":"https:\/\/alexiatirel.ovh\/index.php\/wp-json\/wp\/v2\/users\/1"}],"replies":[{"embeddable":true,"href":"https:\/\/alexiatirel.ovh\/index.php\/wp-json\/wp\/v2\/comments?post=618"}],"version-history":[{"count":66,"href":"https:\/\/alexiatirel.ovh\/index.php\/wp-json\/wp\/v2\/pages\/618\/revisions"}],"predecessor-version":[{"id":1490,"href":"https:\/\/alexiatirel.ovh\/index.php\/wp-json\/wp\/v2\/pages\/618\/revisions\/1490"}],"wp:featuredmedia":[{"embeddable":true,"href":"https:\/\/alexiatirel.ovh\/index.php\/wp-json\/wp\/v2\/media\/539"}],"wp:attachment":[{"href":"https:\/\/alexiatirel.ovh\/index.php\/wp-json\/wp\/v2\/media?parent=618"}],"curies":[{"name":"wp","href":"https:\/\/api.w.org\/{rel}","templated":true}]}}